{"id":10,"date":"2025-10-12T17:37:47","date_gmt":"2025-10-12T20:37:47","guid":{"rendered":"http:\/\/saudebasica.com.br\/?page_id=10"},"modified":"2025-10-13T18:21:17","modified_gmt":"2025-10-13T21:21:17","slug":"uma-palavra","status":"publish","type":"page","link":"https:\/\/saudebasica.com.br\/?page_id=10","title":{"rendered":"Uma Palavra"},"content":{"rendered":"\n<hr class=\"wp-block-separator has-text-color has-vivid-green-cyan-color has-alpha-channel-opacity has-vivid-green-cyan-background-color has-background\"\/>\n\n\n\n<p>Sempre tive curiosidade sobre o corpo humano e suas qualidades e fraquezas. Sempre quis saber o \u201ccomo funciona\u201d de cada peda\u00e7o da gente. Li muito sobre o corpo humano e cada vez mais fascinado com o seu \u201cfuncionamento\u201d.<\/p>\n\n\n\n<p>Tenho observado pessoas\u2026umas sempre saud\u00e1veis, de bem com a vida, sempre com disposi\u00e7\u00e3o e outras, frequentemente com alguma enfermidade, fr\u00e1geis e sempre se queixando da vida.<br><br>Da\u00ed tive a curiosidade de saber o porqu\u00ea disso, o que faz uma pessoa ficar doente, e t\u00e3o doente. Fui observando e estudando\u2026 vivendo e tirando minhas pr\u00f3prias conclus\u00f5es. Resolvi ent\u00e3o aprofundar um pouco e compartilhar este comp\u00eandio, cujo conte\u00fado \u00e9 resultado do meu estudo, pesquisas, experi\u00eancias vividas e reflex\u00f5es.<br><br>O objetivo \u00e9 chamar a aten\u00e7\u00e3o para a necessidade e import\u00e2ncia da preven\u00e7\u00e3o, do planejamento, da observa\u00e7\u00e3o e da &#8220;antecipa\u00e7\u00e3o dos fatos&#8221; para garantir uma vida saud\u00e1vel.<br><br>Cuidar da sa\u00fade n\u00e3o \u00e9 s\u00f3 ir ao m\u00e9dico regularmente e nem &#8220;ter&#8221; um plano de sa\u00fade top, ou sair correndo comprar rem\u00e9dios sempre que apresentar um sintoma. Cuidar da sa\u00fade \u00e9 ter um estilo de vida tranquilo, ter bons h\u00e1bitos e cuidar da alimenta\u00e7\u00e3o.<\/p>\n\n\n\n<p><br><em>Fernando Freire<\/em><br><a href=\"mailto:fernando@freirers.com.br\">fernando@freirers.com.br<\/a><\/p>\n\n\n\n<p><strong>Equil\u00edbrio = Sa\u00fade<\/strong><\/p>\n\n\n\n<p>Equilibrio = Estabilidade mental e emocional.<\/p>\n\n\n\n<p>Sa\u00fade = Estado daquele cujas fun\u00e7\u00f5es org\u00e2nicas, f\u00edsicas e mentais se acham em situa\u00e7\u00e3o normal.<\/p>\n\n\n\n<p>Navegue, leia e reflita, mas jamais abandone seu m\u00e9dico. A auto medica\u00e7\u00e3o, bem como ingest\u00e3o de &#8220;receitas&#8221; milagrosas e uso de rem\u00e9dios receitados a terceiros, tamb\u00e9m s\u00e3o causas do agravamento de muitas doen\u00e7as. Somente seu m\u00e9dico pode dar o diagn\u00f3stico final e conduzir um tratamento.<\/p>\n\n\n\n<hr class=\"wp-block-separator has-text-color has-vivid-green-cyan-color has-alpha-channel-opacity has-vivid-green-cyan-background-color has-background\"\/>\n\n\n\n<p class=\"has-text-align-center\"><a href=\"javascript:history.go(-1)\">Voltar<\/a><\/p>\n\n\n\n<hr class=\"wp-block-separator has-text-color has-vivid-green-cyan-color has-alpha-channel-opacity has-vivid-green-cyan-background-color has-background\"\/>\n","protected":false},"excerpt":{"rendered":"<p>Sempre tive curiosidade sobre o corpo humano e suas qualidades e fraquezas. Sempre quis saber o \u201ccomo funciona\u201d de cada peda\u00e7o da gente. Li muito sobre o corpo humano e cada vez mais fascinado com o seu \u201cfuncionamento\u201d. Tenho observado pessoas\u2026umas sempre saud\u00e1veis, de bem com a vida, sempre com disposi\u00e7\u00e3o e outras, frequentemente com [&hellip;]<\/p>\n","protected":false},"author":1,"featured_media":0,"parent":0,"menu_order":0,"comment_status":"closed","ping_status":"closed","template":"","meta":{"footnotes":""},"class_list":["post-10","page","type-page","status-publish","hentry"],"_links":{"self":[{"href":"https:\/\/saudebasica.com.br\/index.php?rest_route=\/wp\/v2\/pages\/10","targetHints":{"allow":["GET"]}}],"collection":[{"href":"https:\/\/saudebasica.com.br\/index.php?rest_route=\/wp\/v2\/pages"}],"about":[{"href":"https:\/\/saudebasica.com.br\/index.php?rest_route=\/wp\/v2\/types\/page"}],"author":[{"embeddable":true,"href":"https:\/\/saudebasica.com.br\/index.php?rest_route=\/wp\/v2\/users\/1"}],"replies":[{"embeddable":true,"href":"https:\/\/saudebasica.com.br\/index.php?rest_route=%2Fwp%2Fv2%2Fcomments&post=10"}],"version-history":[{"count":15,"href":"https:\/\/saudebasica.com.br\/index.php?rest_route=\/wp\/v2\/pages\/10\/revisions"}],"predecessor-version":[{"id":90,"href":"https:\/\/saudebasica.com.br\/index.php?rest_route=\/wp\/v2\/pages\/10\/revisions\/90"}],"wp:attachment":[{"href":"https:\/\/saudebasica.com.br\/index.php?rest_route=%2Fwp%2Fv2%2Fmedia&parent=10"}],"curies":[{"name":"wp","href":"https:\/\/api.w.org\/{rel}","templated":true}]}}