{"id":52,"date":"2025-10-13T16:08:42","date_gmt":"2025-10-13T19:08:42","guid":{"rendered":"https:\/\/saudebasica.com.br\/?page_id=52"},"modified":"2025-10-13T18:41:58","modified_gmt":"2025-10-13T21:41:58","slug":"nosso-ambiente","status":"publish","type":"page","link":"https:\/\/saudebasica.com.br\/?page_id=52","title":{"rendered":"Ambiente"},"content":{"rendered":"\n<hr class=\"wp-block-separator has-text-color has-vivid-green-cyan-color has-alpha-channel-opacity has-vivid-green-cyan-background-color has-background\"\/>\n\n\n\n<p>Um endere\u00e7o com n\u00edveis de polui\u00e7\u00e3o elevados ou cr\u00edticos e sem saneamento b\u00e1sico \u00e9 origem de muitas doen\u00e7as; as ruas devem ser cal\u00e7adas e limpas e o lixo deve ser coletado periodicamente. O bairro deve ter luz, \u00e1gua tratada e rede de esgoto dispon\u00edveis. Lute por isso! Devemos ter representatividade ativa e efetiva junto \u00e0 c\u00e2mara municipal. No entanto, a popula\u00e7\u00e3o tem tamb\u00e9m a sua parcela de responsabilidade. Voc\u00ea e seus vizinhos devem colaborar no sentido de n\u00e3o jogar lixo na rua e tomar provid\u00eancias sempre que ocorrer algum vazamento, de \u00e1gua ou esgoto para a via p\u00fablica.<\/p>\n\n\n\n<p><br>Nossa casa tamb\u00e9m \u00e9 importante, interna e externamente: a casa sempre em ordem e limpa, principalmente banheiro e cozinha! Evite ac\u00famulo de pap\u00e9is e lixo, acondicione o lixo em local apropriado de acordo com a natureza: recicl\u00e1vel e org\u00e2nico. Fa\u00e7a uma faxina semanalmente, tirando o p\u00f3 e varrendo, tanto o ch\u00e3o como as paredes, principalmente os cantinhos preferidos de aranhas e v\u00e1rios insetos. Se for o caso, varra o p\u00e1tio freq\u00fcentemente; n\u00e3o deixe vasilhas com \u00e1gua e nem ac\u00famulo de madeiras e tijolos. Tenha local apropriado para animais de estima\u00e7\u00e3o se alimentarem e fazerem suas necessidades.<br><br>Seja qual for o clima, nossa casa sempre deve ser arejada e, principalmente, receber a luz do sol.<br><br>\u00c9 importante que nossa casa tenha folhagens, flores e plantas, tanto dentro de casa como fora, seja um jardim ou at\u00e9 floreiras embaixo de cada janela.<br>Cuidar de um jardim como das plantas dentro de casa passa a ser uma terapia e motivo de satisfa\u00e7\u00e3o e tranquilidade.<\/p>\n\n\n\n<p>Tamb\u00e9m precisamos cuidar para que o ambiente dentro de casa seja harmonioso, tranquilo e sereno:<\/p>\n\n\n\n<p><br>1.Aceita\u00e7\u00e3o: Em Princ\u00edpio, querer e aceitar os outros, tendo consci\u00eancia de que cada um \u00e9 um indiv\u00edduo com caracter\u00edsticas pr\u00f3prias e tem qualidades a oferecer ao crescimento conjunto.<br>2.Paci\u00eancia: Paci\u00eancia para, aos poucos, colocar, cada um os seus pontos de vista e necessidades sem contudo esperar um resultado imediato. Dar tempo para que os outros reflitam.<br>3.Carinho: Sempre. Sempre se colocar numa postura de carinho e aten\u00e7\u00e3o, mesmo sob condi\u00e7\u00f5es adversas e de contrariedades.<br>4.Humildade: N\u00e3o pretender ser dono da verdade. Humildade para poder dar valor ao que o outro tem, por menor que seja o seu grau de entendimento a cerca das coisas da vida.<br>5.Solidariedade: Todos devem entender que todos s\u00e3o respons\u00e1veis pela casa. Todos devem contribuir por uma casa, limpa, organizada, aconchegante e harmoniosa.<\/p>\n\n\n\n<p>Tais cuidados devem ser nossa preocupa\u00e7\u00e3o em qualquer rela\u00e7\u00e3o, seja em casa, ou fora. O exerc\u00edcio da pol\u00edtica de vizinhan\u00e7a \u00e9 t\u00e3o delicada quanto a pol\u00edtica do pa\u00eds. Temos expectativas, assim como os vizinhos as tem quanto ao comportamento dos vizinhos. Seja cordial, sol\u00edcito, comunit\u00e1rio e tamb\u00e9m esteja sempre dispon\u00edvel, na medida do poss\u00edvel. No aperto, muitas vezes a ajuda chega dos vizinhos.<br><br>Igualmente, temos responsabilidades e expectativas no ambiente de trabalho no que se refere a um ambiente harmonioso e saud\u00e1vel. Cada um tem suas atribui\u00e7\u00f5es de acordo com suas qualifica\u00e7\u00f5es, habilidades e talento e todos tem sua parcela de responsabilidade em benef\u00edcio do bom andamento do trabalho como um todo.<\/p>\n\n\n\n<p>Termos consci\u00eancia disso j\u00e1 \u00e9 um grande passo, pois passaremos a ver as pessoas com outros olhos\u2026como se f\u00f4ssem n\u00f3s mesmos e a\u00ed passaremos a ter cuidado para que n\u00e3o se sintam menos ou mais, para que n\u00e3o as coloquemos em situa\u00e7\u00f5es constrangedoras e passaremos tamb\u00e9m a compartilhar as suas  afli\u00e7\u00f5es, d\u00favidas, ansiedades e alegrias.<\/p>\n\n\n\n<p>A ess\u00eancia da vida \u00e9 uma s\u00f3 e pertence a cada um e a todos ao mesmo tempo. Somos um, enquanto resultado de nossas rela\u00e7\u00f5es uns com os outros e com o meio.&nbsp;<em>A individualidade s\u00f3 existe na forma\u2026<\/em><\/p>\n\n\n\n<hr class=\"wp-block-separator has-text-color has-vivid-green-cyan-color has-alpha-channel-opacity has-vivid-green-cyan-background-color has-background\"\/>\n\n\n\n<p class=\"has-text-align-center\"><a href=\"javascript:history.go(-1)\">Voltar<\/a><\/p>\n\n\n\n<hr class=\"wp-block-separator has-text-color has-vivid-green-cyan-color has-alpha-channel-opacity has-vivid-green-cyan-background-color has-background\"\/>\n\n\n\n<p><\/p>\n","protected":false},"excerpt":{"rendered":"<p>Um endere\u00e7o com n\u00edveis de polui\u00e7\u00e3o elevados ou cr\u00edticos e sem saneamento b\u00e1sico \u00e9 origem de muitas doen\u00e7as; as ruas devem ser cal\u00e7adas e limpas e o lixo deve ser coletado periodicamente. O bairro deve ter luz, \u00e1gua tratada e rede de esgoto dispon\u00edveis. Lute por isso! Devemos ter representatividade ativa e efetiva junto \u00e0 [&hellip;]<\/p>\n","protected":false},"author":1,"featured_media":0,"parent":0,"menu_order":0,"comment_status":"closed","ping_status":"closed","template":"","meta":{"footnotes":""},"class_list":["post-52","page","type-page","status-publish","hentry"],"_links":{"self":[{"href":"https:\/\/saudebasica.com.br\/index.php?rest_route=\/wp\/v2\/pages\/52","targetHints":{"allow":["GET"]}}],"collection":[{"href":"https:\/\/saudebasica.com.br\/index.php?rest_route=\/wp\/v2\/pages"}],"about":[{"href":"https:\/\/saudebasica.com.br\/index.php?rest_route=\/wp\/v2\/types\/page"}],"author":[{"embeddable":true,"href":"https:\/\/saudebasica.com.br\/index.php?rest_route=\/wp\/v2\/users\/1"}],"replies":[{"embeddable":true,"href":"https:\/\/saudebasica.com.br\/index.php?rest_route=%2Fwp%2Fv2%2Fcomments&post=52"}],"version-history":[{"count":5,"href":"https:\/\/saudebasica.com.br\/index.php?rest_route=\/wp\/v2\/pages\/52\/revisions"}],"predecessor-version":[{"id":91,"href":"https:\/\/saudebasica.com.br\/index.php?rest_route=\/wp\/v2\/pages\/52\/revisions\/91"}],"wp:attachment":[{"href":"https:\/\/saudebasica.com.br\/index.php?rest_route=%2Fwp%2Fv2%2Fmedia&parent=52"}],"curies":[{"name":"wp","href":"https:\/\/api.w.org\/{rel}","templated":true}]}}