{"id":98,"date":"2025-10-13T20:04:22","date_gmt":"2025-10-13T23:04:22","guid":{"rendered":"https:\/\/saudebasica.com.br\/?page_id=98"},"modified":"2025-10-26T18:40:24","modified_gmt":"2025-10-26T21:40:24","slug":"saude-basica","status":"publish","type":"page","link":"https:\/\/saudebasica.com.br\/","title":{"rendered":"Sa\u00fade B\u00e1sica"},"content":{"rendered":"\n<hr class=\"wp-block-separator has-text-color has-vivid-green-cyan-color has-alpha-channel-opacity has-vivid-green-cyan-background-color has-background\"\/>\n\n\n\n<p class=\"has-text-align-left\"><strong>Nascemos s\u00e3os, por que adoecemos?<\/strong><\/p>\n\n\n\n<p class=\"has-text-align-right\"><a href=\"https:\/\/saudebasica.com.br\/?page id=10\"><strong>Uma Palavra<\/strong><\/a><\/p>\n\n\n\n<p>O desenvolvimento de enfermidades depende de quatro fatores, a saber: o&nbsp;<strong>ambiente<\/strong>, ou onde vivemos;&nbsp;<strong>h\u00e1bitos<\/strong>, ou como vivemos;&nbsp;<strong>alimenta\u00e7\u00e3o<\/strong>, ou como nos mantemos e&nbsp;<strong>emocional<\/strong>, ou como reagimos \u00e0s adversidades. Al\u00e9m disso, devemos nos cercar de informa\u00e7\u00f5es sobre nosso corpo, atrav\u00e9s da monitora\u00e7\u00e3o de alguns indicadores, como peso, press\u00e3o, glicose, bem como informa\u00e7\u00f5es de laborat\u00f3rio, como hemograma, triglicer\u00eddeos, colesterol e outros&#8230;<\/p>\n\n\n\n<p class=\"has-text-align-center\"><a href=\"https:\/\/saudebasica.com.br\/?page id=124\"><b>Exames<\/b><\/a><\/p>\n\n\n\n<hr class=\"wp-block-separator has-text-color has-vivid-green-cyan-color has-alpha-channel-opacity has-vivid-green-cyan-background-color has-background\"\/>\n\n\n\n<p class=\"has-text-align-center\"><a href=\"javascript:history.go(-1)\">Voltar<\/a><\/p>\n\n\n\n<hr class=\"wp-block-separator has-text-color has-vivid-green-cyan-color has-alpha-channel-opacity has-vivid-green-cyan-background-color has-background\"\/>\n","protected":false},"excerpt":{"rendered":"<p>Nascemos s\u00e3os, por que adoecemos? Uma Palavra O desenvolvimento de enfermidades depende de quatro fatores, a saber: o&nbsp;ambiente, ou onde vivemos;&nbsp;h\u00e1bitos, ou como vivemos;&nbsp;alimenta\u00e7\u00e3o, ou como nos mantemos e&nbsp;emocional, ou como reagimos \u00e0s adversidades. Al\u00e9m disso, devemos nos cercar de informa\u00e7\u00f5es sobre nosso corpo, atrav\u00e9s da monitora\u00e7\u00e3o de alguns indicadores, como peso, press\u00e3o, glicose, bem [&hellip;]<\/p>\n","protected":false},"author":1,"featured_media":0,"parent":0,"menu_order":0,"comment_status":"closed","ping_status":"closed","template":"","meta":{"footnotes":""},"class_list":["post-98","page","type-page","status-publish","hentry"],"_links":{"self":[{"href":"https:\/\/saudebasica.com.br\/index.php?rest_route=\/wp\/v2\/pages\/98","targetHints":{"allow":["GET"]}}],"collection":[{"href":"https:\/\/saudebasica.com.br\/index.php?rest_route=\/wp\/v2\/pages"}],"about":[{"href":"https:\/\/saudebasica.com.br\/index.php?rest_route=\/wp\/v2\/types\/page"}],"author":[{"embeddable":true,"href":"https:\/\/saudebasica.com.br\/index.php?rest_route=\/wp\/v2\/users\/1"}],"replies":[{"embeddable":true,"href":"https:\/\/saudebasica.com.br\/index.php?rest_route=%2Fwp%2Fv2%2Fcomments&post=98"}],"version-history":[{"count":19,"href":"https:\/\/saudebasica.com.br\/index.php?rest_route=\/wp\/v2\/pages\/98\/revisions"}],"predecessor-version":[{"id":248,"href":"https:\/\/saudebasica.com.br\/index.php?rest_route=\/wp\/v2\/pages\/98\/revisions\/248"}],"wp:attachment":[{"href":"https:\/\/saudebasica.com.br\/index.php?rest_route=%2Fwp%2Fv2%2Fmedia&parent=98"}],"curies":[{"name":"wp","href":"https:\/\/api.w.org\/{rel}","templated":true}]}}